{"id":9003,"date":"2023-04-02T08:09:55","date_gmt":"2023-04-02T08:09:55","guid":{"rendered":"http:\/\/192.168.0.235\/elevate\/?page_id=9003"},"modified":"2024-05-30T18:08:44","modified_gmt":"2024-05-30T21:08:44","slug":"careers","status":"publish","type":"page","link":"https:\/\/bbhconstrucoes.com.br\/index.php\/careers\/","title":{"rendered":"Um projeto ser\u00e1 sempre grandioso"},"content":{"rendered":"\t\t<div data-elementor-type=\"wp-page\" data-elementor-id=\"9003\" class=\"elementor elementor-9003\">\n\t\t\t\t\t\t<section class=\"elementor-section elementor-top-section elementor-element elementor-element-f0fbd99 elementor-section-boxed elementor-section-height-default elementor-section-height-default\" data-id=\"f0fbd99\" data-element_type=\"section\">\n\t\t\t\t\t\t<div class=\"elementor-container elementor-column-gap-default\">\n\t\t\t\t\t<div class=\"elementor-column elementor-col-50 elementor-top-column elementor-element elementor-element-ed0dad5\" data-id=\"ed0dad5\" data-element_type=\"column\">\n\t\t\t<div class=\"elementor-widget-wrap elementor-element-populated\">\n\t\t\t\t\t\t<div class=\"elementor-element elementor-element-d47c69b elementor-widget elementor-widget-react-heading\" data-id=\"d47c69b\" data-element_type=\"widget\" data-widget_type=\"react-heading.default\">\n\t\t\t\t<div class=\"elementor-widget-container\">\n\t\t\t\t  \r\n        <div class=\"react-heading default  title-border-no\">\r\n        \t<div class=\"title-inner no\">        \t\t      \t\t\r\n\t           \r\n\t\t\t\t<h2 class=\"title\" data-aos-delay=\"300\" data-aos=\"fade-up\" data-aos-duration=\"800\" data-aos-once=\"true\">Um padr\u00e3o BBH<\/h2>\t        <\/div>\r\n\t\t\t\t                    \t<div  class=\"description\" data-aos-delay=\"350\" data-aos=\"fade-up\" data-aos-duration=\"800\" data-aos-once=\"true\">\r\n            \t\t<p>Os projetos desenvolvidos pela BBH, caracteriza-se pela qualidade no acabamento, s\u00e3o utilizados materiais com alta qualidade, refinamento na pintura e acabamneto.\u00a0<\/p>            \t\t\r\n            \t<\/div>\r\n        \t\r\n\t            \r\n        <\/div>\r\n        \t\t<\/div>\n\t\t\t\t<\/div>\n\t\t\t\t\t<\/div>\n\t\t<\/div>\n\t\t\t\t<div class=\"elementor-column elementor-col-50 elementor-top-column elementor-element elementor-element-ad86687\" data-id=\"ad86687\" data-element_type=\"column\">\n\t\t\t<div class=\"elementor-widget-wrap\">\n\t\t\t\t\t\t\t<\/div>\n\t\t<\/div>\n\t\t\t\t\t<\/div>\n\t\t<\/section>\n\t\t\t\t<section class=\"elementor-section elementor-top-section elementor-element elementor-element-adb827b elementor-section-stretched elementor-section-boxed elementor-section-height-default elementor-section-height-default\" data-id=\"adb827b\" data-element_type=\"section\" data-settings=\"{&quot;stretch_section&quot;:&quot;section-stretched&quot;,&quot;background_background&quot;:&quot;classic&quot;}\">\n\t\t\t\t\t\t<div class=\"elementor-container elementor-column-gap-default\">\n\t\t\t\t\t<div class=\"elementor-column elementor-col-100 elementor-top-column elementor-element elementor-element-43231b9\" data-id=\"43231b9\" data-element_type=\"column\">\n\t\t\t<div class=\"elementor-widget-wrap\">\n\t\t\t\t\t\t\t<\/div>\n\t\t<\/div>\n\t\t\t\t\t<\/div>\n\t\t<\/section>\n\t\t\t\t<section class=\"elementor-section elementor-top-section elementor-element elementor-element-cf442b2 elementor-section-stretched elementor-section-boxed elementor-section-height-default elementor-section-height-default\" data-id=\"cf442b2\" data-element_type=\"section\" data-settings=\"{&quot;stretch_section&quot;:&quot;section-stretched&quot;}\">\n\t\t\t\t\t\t<div class=\"elementor-container elementor-column-gap-default\">\n\t\t\t\t\t<div class=\"elementor-column elementor-col-100 elementor-top-column elementor-element elementor-element-ea570e0\" data-id=\"ea570e0\" data-element_type=\"column\">\n\t\t\t<div class=\"elementor-widget-wrap elementor-element-populated\">\n\t\t\t\t\t\t<div class=\"elementor-element elementor-element-0162044 elementor-widget elementor-widget-react-heading\" data-id=\"0162044\" data-element_type=\"widget\" data-widget_type=\"react-heading.default\">\n\t\t\t\t<div class=\"elementor-widget-container\">\n\t\t\t\t  \r\n        <div class=\"react-heading default  title-border-no\">\r\n        \t<div class=\"title-inner no\">        \t\t      \t\t\r\n\t           \r\n\t\t\t\t<span class=\"sub-text\" data-aos-delay=\"200\" data-aos=\"fade-up\" data-aos-duration=\"800\" data-aos-once=\"true\">Fluxo de trabalho<\/span><h2 class=\"title\" data-aos-delay=\"300\" data-aos=\"fade-up\" data-aos-duration=\"800\" data-aos-once=\"true\">Seguimos um fluxo constante<\/h2>\t        <\/div>\r\n\t\t\t<span class=\"watermark\">Benefits<\/span>\t        \r\n\t            \r\n        <\/div>\r\n        \t\t<\/div>\n\t\t\t\t<\/div>\n\t\t\t\t<div class=\"elementor-element elementor-element-4f78574 elementor-widget elementor-widget-image\" data-id=\"4f78574\" data-element_type=\"widget\" data-widget_type=\"image.default\">\n\t\t\t\t<div class=\"elementor-widget-container\">\n\t\t\t<style>\/*! elementor - v3.19.0 - 07-02-2024 *\/\n.elementor-widget-image{text-align:center}.elementor-widget-image a{display:inline-block}.elementor-widget-image a img[src$=\".svg\"]{width:48px}.elementor-widget-image img{vertical-align:middle;display:inline-block}<\/style>\t\t\t\t\t\t\t\t\t\t<img decoding=\"async\" width=\"640\" height=\"5\" src=\"https:\/\/bbhconstrucoes.com.br\/wp-content\/uploads\/2023\/03\/Group-244-1024x8.png\" class=\"attachment-large size-large wp-image-4335\" alt=\"\" srcset=\"https:\/\/bbhconstrucoes.com.br\/wp-content\/uploads\/2023\/03\/Group-244-1024x8.png 1024w, https:\/\/bbhconstrucoes.com.br\/wp-content\/uploads\/2023\/03\/Group-244-600x5.png 600w, https:\/\/bbhconstrucoes.com.br\/wp-content\/uploads\/2023\/03\/Group-244-300x2.png 300w, https:\/\/bbhconstrucoes.com.br\/wp-content\/uploads\/2023\/03\/Group-244-768x6.png 768w, https:\/\/bbhconstrucoes.com.br\/wp-content\/uploads\/2023\/03\/Group-244.png 1320w\" sizes=\"(max-width: 640px) 100vw, 640px\" \/>\t\t\t\t\t\t\t\t\t\t\t\t\t<\/div>\n\t\t\t\t<\/div>\n\t\t\t\t<section class=\"elementor-section elementor-inner-section elementor-element elementor-element-443f621 elementor-section-full_width elementor-section-height-default elementor-section-height-default\" data-id=\"443f621\" data-element_type=\"section\">\n\t\t\t\t\t\t<div class=\"elementor-container elementor-column-gap-default\">\n\t\t\t\t\t<div class=\"elementor-column elementor-col-25 elementor-inner-column elementor-element elementor-element-d86599a\" data-id=\"d86599a\" data-element_type=\"column\">\n\t\t\t<div class=\"elementor-widget-wrap elementor-element-populated\">\n\t\t\t\t\t\t<div class=\"elementor-element elementor-element-5a6b538 elementor-widget elementor-widget-rt-service-grid\" data-id=\"5a6b538\" data-element_type=\"widget\" data-widget_type=\"rt-service-grid.default\">\n\t\t\t\t<div class=\"elementor-widget-container\">\n\t\t\t<div class=\"react-addon-services services-style1\">\r\n    <div class=\"services-part\">\r\n    \t    \t\t<div class=\"services-icon\">\r\n\t    \t\t\t    \t\t\t    \t\t\t<img decoding=\"async\" src=\"https:\/\/reactheme.com\/products\/wordpress\/elevate\/renovation\/wp-content\/uploads\/2023\/03\/service1.svg\" alt=\"image\"\/>\r\n\t    \t\t    \t\t<\/div>\t\r\n    \t\t\t    \t\t       \r\n\t    <div class=\"services-text style5\">\r\n\t    \t\t\t    \t<div class=\"services-title\">\t\r\n\t\t    \t\t\t\t    \t\t\t<span class=\"service_number\">01<\/span>\r\n\t\t    \t\t\t\t\t\t\t\r\n\t\t    \t\t\t\t    \t\t\t<h2 class=\"title\"> Onde tudo come\u00e7a<\/h2>\r\n\t\t    \t\t\t\t\t\t    \t\t\r\n\t\t    \t<\/div>\r\n\t    \t\t\r\n\r\n\t    \t\t    \t\t<p class=\"services-txt\">  <p>Tudo come\u00e7a no contato com o cliente, atendendo\u00a0 em todos os detalhes.<\/p><\/p>\t\r\n\t    \t\t\r\n\r\n\t    \t\r\n\t    <\/div>\r\n\t<\/div>\r\n<\/div>\t\t<\/div>\n\t\t\t\t<\/div>\n\t\t\t\t\t<\/div>\n\t\t<\/div>\n\t\t\t\t<div class=\"elementor-column elementor-col-25 elementor-inner-column elementor-element elementor-element-ee9860d\" data-id=\"ee9860d\" data-element_type=\"column\">\n\t\t\t<div class=\"elementor-widget-wrap elementor-element-populated\">\n\t\t\t\t\t\t<div class=\"elementor-element elementor-element-3aa36d1 elementor-widget elementor-widget-rt-service-grid\" data-id=\"3aa36d1\" data-element_type=\"widget\" data-widget_type=\"rt-service-grid.default\">\n\t\t\t\t<div class=\"elementor-widget-container\">\n\t\t\t<div class=\"react-addon-services services-style1\">\r\n    <div class=\"services-part\">\r\n    \t    \t\t<div class=\"services-icon\">\r\n\t    \t\t\t    \t\t\t    \t\t\t<img decoding=\"async\" src=\"https:\/\/reactheme.com\/products\/wordpress\/elevate\/renovation\/wp-content\/uploads\/2023\/03\/service2.svg\" alt=\"image\"\/>\r\n\t    \t\t    \t\t<\/div>\t\r\n    \t\t\t    \t\t       \r\n\t    <div class=\"services-text style5\">\r\n\t    \t\t\t    \t<div class=\"services-title\">\t\r\n\t\t    \t\t\t\t    \t\t\t<span class=\"service_number\">02<\/span>\r\n\t\t    \t\t\t\t\t\t\t\r\n\t\t    \t\t\t\t    \t\t\t<h2 class=\"title\"> Plano estrutural<\/h2>\r\n\t\t    \t\t\t\t\t\t    \t\t\r\n\t\t    \t<\/div>\r\n\t    \t\t\r\n\r\n\t    \t\t    \t\t<p class=\"services-txt\">  <p>O plano segue a linha exigida pelo cliente, acompanhando a obra.<\/p><\/p>\t\r\n\t    \t\t\r\n\r\n\t    \t\r\n\t    <\/div>\r\n\t<\/div>\r\n<\/div>\t\t<\/div>\n\t\t\t\t<\/div>\n\t\t\t\t\t<\/div>\n\t\t<\/div>\n\t\t\t\t<div class=\"elementor-column elementor-col-25 elementor-inner-column elementor-element elementor-element-c8f3903\" data-id=\"c8f3903\" data-element_type=\"column\">\n\t\t\t<div class=\"elementor-widget-wrap elementor-element-populated\">\n\t\t\t\t\t\t<div class=\"elementor-element elementor-element-f5f04a0 elementor-widget elementor-widget-rt-service-grid\" data-id=\"f5f04a0\" data-element_type=\"widget\" data-widget_type=\"rt-service-grid.default\">\n\t\t\t\t<div class=\"elementor-widget-container\">\n\t\t\t<div class=\"react-addon-services services-style1\">\r\n    <div class=\"services-part\">\r\n    \t    \t\t<div class=\"services-icon\">\r\n\t    \t\t\t    \t\t\t    \t\t\t<img decoding=\"async\" src=\"https:\/\/reactheme.com\/products\/wordpress\/elevate\/renovation\/wp-content\/uploads\/2023\/03\/service3.svg\" alt=\"image\"\/>\r\n\t    \t\t    \t\t<\/div>\t\r\n    \t\t\t    \t\t       \r\n\t    <div class=\"services-text style5\">\r\n\t    \t\t\t    \t<div class=\"services-title\">\t\r\n\t\t    \t\t\t\t    \t\t\t<span class=\"service_number\">03<\/span>\r\n\t\t    \t\t\t\t\t\t\t\r\n\t\t    \t\t\t\t    \t\t\t<h2 class=\"title\"> Execu\u00e7\u00e3o <\/h2>\r\n\t\t    \t\t\t\t\t\t    \t\t\r\n\t\t    \t<\/div>\r\n\t    \t\t\r\n\r\n\t    \t\t    \t\t<p class=\"services-txt\">  <p>Acompanhamento constatnte, qualidade e seguran\u00e7a.<\/p><\/p>\t\r\n\t    \t\t\r\n\r\n\t    \t\r\n\t    <\/div>\r\n\t<\/div>\r\n<\/div>\t\t<\/div>\n\t\t\t\t<\/div>\n\t\t\t\t\t<\/div>\n\t\t<\/div>\n\t\t\t\t<div class=\"elementor-column elementor-col-25 elementor-inner-column elementor-element elementor-element-7e90968\" data-id=\"7e90968\" data-element_type=\"column\">\n\t\t\t<div class=\"elementor-widget-wrap elementor-element-populated\">\n\t\t\t\t\t\t<div class=\"elementor-element elementor-element-9f97de2 elementor-widget elementor-widget-rt-service-grid\" data-id=\"9f97de2\" data-element_type=\"widget\" data-widget_type=\"rt-service-grid.default\">\n\t\t\t\t<div class=\"elementor-widget-container\">\n\t\t\t<div class=\"react-addon-services services-style1\">\r\n    <div class=\"services-part\">\r\n    \t    \t\t<div class=\"services-icon\">\r\n\t    \t\t\t    \t\t\t    \t\t\t<img decoding=\"async\" src=\"https:\/\/reactheme.com\/products\/wordpress\/elevate\/renovation\/wp-content\/uploads\/2023\/03\/service4.svg\" alt=\"image\"\/>\r\n\t    \t\t    \t\t<\/div>\t\r\n    \t\t\t    \t\t       \r\n\t    <div class=\"services-text style5\">\r\n\t    \t\t\t    \t<div class=\"services-title\">\t\r\n\t\t    \t\t\t\t    \t\t\t<span class=\"service_number\">04<\/span>\r\n\t\t    \t\t\t\t\t\t\t\r\n\t\t    \t\t\t\t    \t\t\t<h2 class=\"title\"> Entrega<\/h2>\r\n\t\t    \t\t\t\t\t\t    \t\t\r\n\t\t    \t<\/div>\r\n\t    \t\t\r\n\r\n\t    \t\t    \t\t<p class=\"services-txt\">  <p>Entregamos a obar ,com todo rigor do nosso padr\u00e3o de qualidade.<\/p><\/p>\t\r\n\t    \t\t\r\n\r\n\t    \t\r\n\t    <\/div>\r\n\t<\/div>\r\n<\/div>\t\t<\/div>\n\t\t\t\t<\/div>\n\t\t\t\t\t<\/div>\n\t\t<\/div>\n\t\t\t\t\t<\/div>\n\t\t<\/section>\n\t\t\t\t\t<\/div>\n\t\t<\/div>\n\t\t\t\t\t<\/div>\n\t\t<\/section>\n\t\t\t\t<section class=\"elementor-section elementor-top-section elementor-element elementor-element-19eeae3 elementor-section-boxed elementor-section-height-default elementor-section-height-default\" data-id=\"19eeae3\" data-element_type=\"section\">\n\t\t\t\t\t\t<div class=\"elementor-container elementor-column-gap-default\">\n\t\t\t\t\t<div class=\"elementor-column elementor-col-100 elementor-top-column elementor-element elementor-element-4bdde44\" data-id=\"4bdde44\" data-element_type=\"column\">\n\t\t\t<div class=\"elementor-widget-wrap elementor-element-populated\">\n\t\t\t\t\t\t<div class=\"elementor-element elementor-element-3dbff96 elementor-widget elementor-widget-react-heading\" data-id=\"3dbff96\" data-element_type=\"widget\" data-widget_type=\"react-heading.default\">\n\t\t\t\t<div class=\"elementor-widget-container\">\n\t\t\t\t  \r\n        <div class=\"react-heading default  title-border-no\">\r\n        \t<div class=\"title-inner no\">        \t\t      \t\t\r\n\t           \r\n\t\t\t\t<span class=\"sub-text\" data-aos-delay=\"200\" data-aos=\"fade-up\" data-aos-duration=\"800\" data-aos-once=\"true\">BBH <\/span><h2 class=\"title\" data-aos-delay=\"300\" data-aos=\"fade-up\" data-aos-duration=\"800\" data-aos-once=\"true\">Movimentamos Oportunidades<\/h2>\t        <\/div>\r\n\t\t\t<span class=\"watermark\">Vacancy<\/span>\t        \r\n\t            \r\n        <\/div>\r\n        \t\t<\/div>\n\t\t\t\t<\/div>\n\t\t\t\t\t<\/div>\n\t\t<\/div>\n\t\t\t\t\t<\/div>\n\t\t<\/section>\n\t\t\t\t<section class=\"elementor-section elementor-top-section elementor-element elementor-element-95cb0f5 elementor-section-boxed elementor-section-height-default elementor-section-height-default\" data-id=\"95cb0f5\" data-element_type=\"section\">\n\t\t\t\t\t\t<div class=\"elementor-container elementor-column-gap-default\">\n\t\t\t\t\t<div class=\"elementor-column elementor-col-33 elementor-top-column elementor-element elementor-element-2f5b62a\" data-id=\"2f5b62a\" data-element_type=\"column\">\n\t\t\t<div class=\"elementor-widget-wrap elementor-element-populated\">\n\t\t\t\t\t\t<div class=\"elementor-element elementor-element-416d592 gap-30 elementor-widget elementor-widget-rt-service-grid\" data-id=\"416d592\" data-element_type=\"widget\" data-widget_type=\"rt-service-grid.default\">\n\t\t\t\t<div class=\"elementor-widget-container\">\n\t\t\t<div class=\"react-addon-services services-style3\">\r\n    <div class=\"services-part\">\r\n\t\t<div class=\"service--top\">\r\n\t\t\t\t\t\t\t<div class=\"icon-inner\">\r\n\t\t\t\t\t\t\t    \t\t\t<span class=\"number\">01.<\/span>\r\n\t\t    \t\t\t\t\t\t\t\r\n\t\t\t\t\t\t<div class=\"services-icon\">\r\n\t\t\t\t\t\t\t\t\t\t\t\t\t<\/div>\t\t\t\t\t\t\t\t\t\t\t\r\n\t\t\t\t<\/div>\r\n\t\t\t\t\t    \t\t       \r\n\r\n\t    \t\t\t    \t<div class=\"services-title\">\t\r\n\t\t    \t\t\r\n\t\t    \t\t\t\t    \t\t\t<h2 class=\"title\"> Reformas Residencial<\/h2>\r\n\t\t    \t\t\t\t\t\t    \t\t\r\n\t\t    \t<\/div>\r\n\t    \t\t\r\n\t\t<\/div>\r\n\t    \r\n\t    <div class=\"services--bottom\">\r\n\t    \t\t    \t\t<p class=\"services-txt\">  <p>Nossos projetos de constru\u00e7\u00e3o s\u00e3o feitos de diversas formas e tamanhos diferentes, de acordo o porte e a categoria escolhida pelo cliente.<\/p><\/p>\t\r\n\t    \t\t\r\n\t\t    \t<div class=\"services-btn-part\">\r\n\t\t    \t\t\t    \t\t\t\t<a class=\"services-btn icon-after\" href=\"\" >\r\n\t\t\t\t\t    \t\t\t\t\t<span class=\"btn_text\">\r\n    \t\t\t\t\t\tVer \t\t\t\t\t\t\t<i class=\"rt-arrow-right ml-1\"><\/i>\r\n\t\t\t\t\t\t<\/span>\r\n\t\t\t\t\t\t\t    \t\t\t\t\r\n\t    \t\t\t<\/a>\t    \t\t    \t\t\r\n\t\t    \t<\/div>\r\n\t    <\/div>\r\n\t\t\r\n\r\n\r\n\t<\/div>\r\n<\/div>\t\t<\/div>\n\t\t\t\t<\/div>\n\t\t\t\t<div class=\"elementor-element elementor-element-5d3036d gap-30 elementor-widget elementor-widget-rt-service-grid\" data-id=\"5d3036d\" data-element_type=\"widget\" data-widget_type=\"rt-service-grid.default\">\n\t\t\t\t<div class=\"elementor-widget-container\">\n\t\t\t<div class=\"react-addon-services services-style3\">\r\n    <div class=\"services-part\">\r\n\t\t<div class=\"service--top\">\r\n\t\t\t\t\t\t\t<div class=\"icon-inner\">\r\n\t\t\t\t\t\t\t    \t\t\t<span class=\"number\">04.<\/span>\r\n\t\t    \t\t\t\t\t\t\t\r\n\t\t\t\t\t\t<div class=\"services-icon\">\r\n\t\t\t\t\t\t\t\t\t\t\t\t\t<\/div>\t\t\t\t\t\t\t\t\t\t\t\r\n\t\t\t\t<\/div>\r\n\t\t\t\t\t    \t\t       \r\n\r\n\t    \t\t\t    \t<div class=\"services-title\">\t\r\n\t\t    \t\t\r\n\t\t    \t\t\t\t    \t\t\t<h2 class=\"title\"> Constru\u00e7\u00e3o de im\u00f3veis novos<\/h2>\r\n\t\t    \t\t\t\t\t\t    \t\t\r\n\t\t    \t<\/div>\r\n\t    \t\t\r\n\t\t<\/div>\r\n\t    \r\n\t    <div class=\"services--bottom\">\r\n\t    \t\t    \t\t<p class=\"services-txt\">  <p>Nossos projetos de constru\u00e7\u00e3o s\u00e3o feitos de diversas formas e tamanhos diferentes, de acordo o porte e a categoria escolhida pelo cliente.<\/p><\/p>\t\r\n\t    \t\t\r\n\t\t    \t<div class=\"services-btn-part\">\r\n\t\t    \t\t\t    \t\t\t\t<a class=\"services-btn icon-after\" href=\"\" >\r\n\t\t\t\t\t    \t\t\t\t\t<span class=\"btn_text\">\r\n    \t\t\t\t\t\tVer\t\t\t\t\t\t\t<i class=\"rt-arrow-right ml-1\"><\/i>\r\n\t\t\t\t\t\t<\/span>\r\n\t\t\t\t\t\t\t    \t\t\t\t\r\n\t    \t\t\t<\/a>\t    \t\t    \t\t\r\n\t\t    \t<\/div>\r\n\t    <\/div>\r\n\t\t\r\n\r\n\r\n\t<\/div>\r\n<\/div>\t\t<\/div>\n\t\t\t\t<\/div>\n\t\t\t\t\t<\/div>\n\t\t<\/div>\n\t\t\t\t<div class=\"elementor-column elementor-col-33 elementor-top-column elementor-element elementor-element-60e4f67\" data-id=\"60e4f67\" data-element_type=\"column\">\n\t\t\t<div class=\"elementor-widget-wrap elementor-element-populated\">\n\t\t\t\t\t\t<div class=\"elementor-element elementor-element-621d59e gap-30 elementor-widget elementor-widget-rt-service-grid\" data-id=\"621d59e\" data-element_type=\"widget\" data-widget_type=\"rt-service-grid.default\">\n\t\t\t\t<div class=\"elementor-widget-container\">\n\t\t\t<div class=\"react-addon-services services-style3\">\r\n    <div class=\"services-part\">\r\n\t\t<div class=\"service--top\">\r\n\t\t\t\t\t\t\t<div class=\"icon-inner\">\r\n\t\t\t\t\t\t\t    \t\t\t<span class=\"number\">02.<\/span>\r\n\t\t    \t\t\t\t\t\t\t\r\n\t\t\t\t\t\t<div class=\"services-icon\">\r\n\t\t\t\t\t\t\t\t\t\t\t\t\t<\/div>\t\t\t\t\t\t\t\t\t\t\t\r\n\t\t\t\t<\/div>\r\n\t\t\t\t\t    \t\t       \r\n\r\n\t    \t\t\t    \t<div class=\"services-title\">\t\r\n\t\t    \t\t\r\n\t\t    \t\t\t\t    \t\t\t<h2 class=\"title\"> Reformas Comerciais<\/h2>\r\n\t\t    \t\t\t\t\t\t    \t\t\r\n\t\t    \t<\/div>\r\n\t    \t\t\r\n\t\t<\/div>\r\n\t    \r\n\t    <div class=\"services--bottom\">\r\n\t    \t\t    \t\t<p class=\"services-txt\">  <p>Nossos projetos de constru\u00e7\u00e3o s\u00e3o feitos de diversas formas e tamanhos diferentes, de acordo o porte e a categoria escolhida pelo cliente.<\/p><\/p>\t\r\n\t    \t\t\r\n\t\t    \t<div class=\"services-btn-part\">\r\n\t\t    \t\t\t    \t\t\t\t<a class=\"services-btn icon-after\" href=\"\" >\r\n\t\t\t\t\t    \t\t\t\t\t<span class=\"btn_text\">\r\n    \t\t\t\t\t\tVer\t\t\t\t\t\t\t<i class=\"rt-arrow-right ml-1\"><\/i>\r\n\t\t\t\t\t\t<\/span>\r\n\t\t\t\t\t\t\t    \t\t\t\t\r\n\t    \t\t\t<\/a>\t    \t\t    \t\t\r\n\t\t    \t<\/div>\r\n\t    <\/div>\r\n\t\t\r\n\r\n\r\n\t<\/div>\r\n<\/div>\t\t<\/div>\n\t\t\t\t<\/div>\n\t\t\t\t<div class=\"elementor-element elementor-element-2373556 gap-30 elementor-widget elementor-widget-rt-service-grid\" data-id=\"2373556\" data-element_type=\"widget\" data-widget_type=\"rt-service-grid.default\">\n\t\t\t\t<div class=\"elementor-widget-container\">\n\t\t\t<div class=\"react-addon-services services-style3\">\r\n    <div class=\"services-part\">\r\n\t\t<div class=\"service--top\">\r\n\t\t\t\t\t\t\t<div class=\"icon-inner\">\r\n\t\t\t\t\t\t\t    \t\t\t<span class=\"number\">05.<\/span>\r\n\t\t    \t\t\t\t\t\t\t\r\n\t\t\t\t\t\t<div class=\"services-icon\">\r\n\t\t\t\t\t\t\t\t\t\t\t\t\t<\/div>\t\t\t\t\t\t\t\t\t\t\t\r\n\t\t\t\t<\/div>\r\n\t\t\t\t\t    \t\t       \r\n\r\n\t    \t\t\t    \t<div class=\"services-title\">\t\r\n\t\t    \t\t\r\n\t\t    \t\t\t\t    \t\t\t<h2 class=\"title\"> Reconstru\u00e7\u00e3o de im\u00f3veis<\/h2>\r\n\t\t    \t\t\t\t\t\t    \t\t\r\n\t\t    \t<\/div>\r\n\t    \t\t\r\n\t\t<\/div>\r\n\t    \r\n\t    <div class=\"services--bottom\">\r\n\t    \t\t    \t\t<p class=\"services-txt\">  <p>Nossos projetos de constru\u00e7\u00e3o s\u00e3o feitos de diversas formas e tamanhos diferentes, de acordo o porte e a categoria escolhida pelo cliente.<\/p><\/p>\t\r\n\t    \t\t\r\n\t\t    \t<div class=\"services-btn-part\">\r\n\t\t    \t\t\t    \t\t\t\t<a class=\"services-btn icon-after\" href=\"\" >\r\n\t\t\t\t\t    \t\t\t\t\t<span class=\"btn_text\">\r\n    \t\t\t\t\t\tVer\t\t\t\t\t\t\t<i class=\"rt-arrow-right ml-1\"><\/i>\r\n\t\t\t\t\t\t<\/span>\r\n\t\t\t\t\t\t\t    \t\t\t\t\r\n\t    \t\t\t<\/a>\t    \t\t    \t\t\r\n\t\t    \t<\/div>\r\n\t    <\/div>\r\n\t\t\r\n\r\n\r\n\t<\/div>\r\n<\/div>\t\t<\/div>\n\t\t\t\t<\/div>\n\t\t\t\t\t<\/div>\n\t\t<\/div>\n\t\t\t\t<div class=\"elementor-column elementor-col-33 elementor-top-column elementor-element elementor-element-425d493\" data-id=\"425d493\" data-element_type=\"column\">\n\t\t\t<div class=\"elementor-widget-wrap elementor-element-populated\">\n\t\t\t\t\t\t<div class=\"elementor-element elementor-element-4e77bd6 gap-30 elementor-widget elementor-widget-rt-service-grid\" data-id=\"4e77bd6\" data-element_type=\"widget\" data-widget_type=\"rt-service-grid.default\">\n\t\t\t\t<div class=\"elementor-widget-container\">\n\t\t\t<div class=\"react-addon-services services-style3\">\r\n    <div class=\"services-part\">\r\n\t\t<div class=\"service--top\">\r\n\t\t\t\t\t\t\t<div class=\"icon-inner\">\r\n\t\t\t\t\t\t\t    \t\t\t<span class=\"number\">03.<\/span>\r\n\t\t    \t\t\t\t\t\t\t\r\n\t\t\t\t\t\t<div class=\"services-icon\">\r\n\t\t\t\t\t\t\t\t\t\t\t\t\t<\/div>\t\t\t\t\t\t\t\t\t\t\t\r\n\t\t\t\t<\/div>\r\n\t\t\t\t\t    \t\t       \r\n\r\n\t    \t\t\t    \t<div class=\"services-title\">\t\r\n\t\t    \t\t\r\n\t\t    \t\t\t\t    \t\t\t<h2 class=\"title\"> Reformas Industriais<\/h2>\r\n\t\t    \t\t\t\t\t\t    \t\t\r\n\t\t    \t<\/div>\r\n\t    \t\t\r\n\t\t<\/div>\r\n\t    \r\n\t    <div class=\"services--bottom\">\r\n\t    \t\t    \t\t<p class=\"services-txt\">  <p>Nossos projetos de constru\u00e7\u00e3o s\u00e3o feitos de diversas formas e tamanhos diferentes, de acordo o porte e a categoria escolhida pelo cliente.<\/p><\/p>\t\r\n\t    \t\t\r\n\t\t    \t<div class=\"services-btn-part\">\r\n\t\t    \t\t\t    \t\t\t\t<a class=\"services-btn icon-after\" href=\"\" >\r\n\t\t\t\t\t    \t\t\t\t\t<span class=\"btn_text\">\r\n    \t\t\t\t\t\tVer\t\t\t\t\t\t\t<i class=\"rt-arrow-right ml-1\"><\/i>\r\n\t\t\t\t\t\t<\/span>\r\n\t\t\t\t\t\t\t    \t\t\t\t\r\n\t    \t\t\t<\/a>\t    \t\t    \t\t\r\n\t\t    \t<\/div>\r\n\t    <\/div>\r\n\t\t\r\n\r\n\r\n\t<\/div>\r\n<\/div>\t\t<\/div>\n\t\t\t\t<\/div>\n\t\t\t\t<div class=\"elementor-element elementor-element-71a1ba1 gap-30 elementor-widget elementor-widget-rt-service-grid\" data-id=\"71a1ba1\" data-element_type=\"widget\" data-widget_type=\"rt-service-grid.default\">\n\t\t\t\t<div class=\"elementor-widget-container\">\n\t\t\t<div class=\"react-addon-services services-style3\">\r\n    <div class=\"services-part\">\r\n\t\t<div class=\"service--top\">\r\n\t\t\t\t\t\t\t<div class=\"icon-inner\">\r\n\t\t\t\t\t\t\t    \t\t\t<span class=\"number\">06.<\/span>\r\n\t\t    \t\t\t\t\t\t\t\r\n\t\t\t\t\t\t<div class=\"services-icon\">\r\n\t\t\t\t\t\t\t\t\t\t\t\t\t<\/div>\t\t\t\t\t\t\t\t\t\t\t\r\n\t\t\t\t<\/div>\r\n\t\t\t\t\t    \t\t       \r\n\r\n\t    \t\t\t    \t<div class=\"services-title\">\t\r\n\t\t    \t\t\r\n\t\t    \t\t\t\t    \t\t\t<h2 class=\"title\"> Reestrutura\u00e7\u00e3o de fachadas<\/h2>\r\n\t\t    \t\t\t\t\t\t    \t\t\r\n\t\t    \t<\/div>\r\n\t    \t\t\r\n\t\t<\/div>\r\n\t    \r\n\t    <div class=\"services--bottom\">\r\n\t    \t\t    \t\t<p class=\"services-txt\">  <p>Nossos projetos de constru\u00e7\u00e3o s\u00e3o feitos de diversas formas e tamanhos diferentes, de acordo o porte e a categoria escolhida pelo cliente.<\/p><\/p>\t\r\n\t    \t\t\r\n\t\t    \t<div class=\"services-btn-part\">\r\n\t\t    \t\t\t    \t\t\t\t<a class=\"services-btn icon-after\" href=\"\" >\r\n\t\t\t\t\t    \t\t\t\t\t<span class=\"btn_text\">\r\n    \t\t\t\t\t\tVer\t\t\t\t\t\t\t<i class=\"rt-arrow-right ml-1\"><\/i>\r\n\t\t\t\t\t\t<\/span>\r\n\t\t\t\t\t\t\t    \t\t\t\t\r\n\t    \t\t\t<\/a>\t    \t\t    \t\t\r\n\t\t    \t<\/div>\r\n\t    <\/div>\r\n\t\t\r\n\r\n\r\n\t<\/div>\r\n<\/div>\t\t<\/div>\n\t\t\t\t<\/div>\n\t\t\t\t\t<\/div>\n\t\t<\/div>\n\t\t\t\t\t<\/div>\n\t\t<\/section>\n\t\t\t\t<\/div>\n\t\t","protected":false},"excerpt":{"rendered":"<p>Um padr\u00e3o BBH Os projetos desenvolvidos pela BBH, caracteriza-se pela qualidade no acabamento, s\u00e3o utilizados materiais com alta qualidade, refinamento na pintura e acabamneto.\u00a0 Fluxo de trabalho Seguimos um fluxo constante Benefits 01 Onde tudo come\u00e7a Tudo come\u00e7a no contato com o cliente, atendendo\u00a0 em todos os detalhes. 02 Plano estrutural O plano segue a&#8230;<\/p>\n","protected":false},"author":1,"featured_media":0,"parent":0,"menu_order":0,"comment_status":"closed","ping_status":"closed","template":"","meta":{"footnotes":""},"class_list":["post-9003","page","type-page","status-publish","hentry"],"_links":{"self":[{"href":"https:\/\/bbhconstrucoes.com.br\/index.php\/wp-json\/wp\/v2\/pages\/9003","targetHints":{"allow":["GET"]}}],"collection":[{"href":"https:\/\/bbhconstrucoes.com.br\/index.php\/wp-json\/wp\/v2\/pages"}],"about":[{"href":"https:\/\/bbhconstrucoes.com.br\/index.php\/wp-json\/wp\/v2\/types\/page"}],"author":[{"embeddable":true,"href":"https:\/\/bbhconstrucoes.com.br\/index.php\/wp-json\/wp\/v2\/users\/1"}],"replies":[{"embeddable":true,"href":"https:\/\/bbhconstrucoes.com.br\/index.php\/wp-json\/wp\/v2\/comments?post=9003"}],"version-history":[{"count":127,"href":"https:\/\/bbhconstrucoes.com.br\/index.php\/wp-json\/wp\/v2\/pages\/9003\/revisions"}],"predecessor-version":[{"id":12014,"href":"https:\/\/bbhconstrucoes.com.br\/index.php\/wp-json\/wp\/v2\/pages\/9003\/revisions\/12014"}],"wp:attachment":[{"href":"https:\/\/bbhconstrucoes.com.br\/index.php\/wp-json\/wp\/v2\/media?parent=9003"}],"curies":[{"name":"wp","href":"https:\/\/api.w.org\/{rel}","templated":true}]}}